{"id":6197,"date":"2025-06-07T11:46:39","date_gmt":"2025-06-07T11:46:39","guid":{"rendered":"https:\/\/www.dokkup.app\/datenschutzerklaerung\/"},"modified":"2025-11-24T10:31:35","modified_gmt":"2025-11-24T10:31:35","slug":"datenschutzerklaerung","status":"publish","type":"page","link":"https:\/\/www.dokkup.app\/de\/datenschutzerklaerung\/","title":{"rendered":"Datenschutzerkl\u00e4rung"},"content":{"rendered":"<h2>\u00dcber uns<\/h2>\n<p>Die Adresse unserer Website lautet: https:\/\/dokkup.app.<\/p>\n<h2>Cookies<\/h2>\n<p>Wenn Sie unsere Anmeldeseite besuchen, setzen wir ein tempor\u00e4res Cookie, um festzustellen, ob Ihr Browser Cookies akzeptiert. Dieses Cookie enth\u00e4lt keine pers\u00f6nlichen Daten und wird gel\u00f6scht, wenn Sie Ihren Browser schlie\u00dfen.<\/p>\n<p>Wenn Sie sich anmelden, setzen wir auch mehrere Cookies, um Ihre Anmeldeinformationen und Anzeigeeinstellungen zu speichern. Anmelde-Cookies sind zwei Tage lang g\u00fcltig und Cookies f\u00fcr Anzeigeeinstellungen sind ein Jahr lang g\u00fcltig. Wenn Sie die Option \u201eAngemeldet bleiben\u201c ausw\u00e4hlen, bleibt Ihre Anmeldung zwei Wochen lang bestehen. Wenn Sie sich von Ihrem Konto abmelden, werden die Anmelde-Cookies gel\u00f6scht.<\/p>\n<p>Wenn Sie einen Artikel bearbeiten oder ver\u00f6ffentlichen, wird ein zus\u00e4tzliches Cookie in Ihrem Browser gespeichert. Dieses Cookie enth\u00e4lt keine pers\u00f6nlichen Daten und zeigt lediglich die ID des Artikels an, den Sie gerade bearbeitet haben. Es l\u00e4uft nach einem Tag ab.<\/p>\n<h2>Eingebettete Inhalte von anderen Websites<\/h2>\n<p>Artikel auf dieser Website k\u00f6nnen eingebettete Inhalte enthalten (z. B. Videos, Bilder, Artikel usw.). Eingebettete Inhalte von anderen Websites verhalten sich genau so, als ob der Besucher die andere Website besucht h\u00e4tte.<\/p>\n<p>Diese Websites k\u00f6nnen Daten \u00fcber Sie sammeln, Cookies verwenden, zus\u00e4tzliches Tracking durch Dritte einbetten und Ihre Interaktion mit diesen eingebetteten Inhalten \u00fcberwachen.<\/p>\n","protected":false},"excerpt":{"rendered":"<p>\u00dcber uns Die Adresse unserer Website lautet: https:\/\/dokkup.app. Cookies Wenn Sie unsere Anmeldeseite besuchen, setzen wir ein tempor\u00e4res Cookie, um festzustellen, ob Ihr Browser Cookies akzeptiert. Dieses Cookie enth\u00e4lt keine pers\u00f6nlichen Daten und wird gel\u00f6scht, wenn Sie Ihren Browser schlie\u00dfen. Wenn Sie sich anmelden, setzen wir auch mehrere Cookies, um Ihre Anmeldeinformationen und Anzeigeeinstellungen zu [&hellip;]<\/p>\n","protected":false},"author":1,"featured_media":0,"parent":0,"menu_order":0,"comment_status":"closed","ping_status":"closed","template":"","meta":{"footnotes":""},"class_list":["post-6197","page","type-page","status-publish","hentry"],"_links":{"self":[{"href":"https:\/\/www.dokkup.app\/de\/wp-json\/wp\/v2\/pages\/6197","targetHints":{"allow":["GET"]}}],"collection":[{"href":"https:\/\/www.dokkup.app\/de\/wp-json\/wp\/v2\/pages"}],"about":[{"href":"https:\/\/www.dokkup.app\/de\/wp-json\/wp\/v2\/types\/page"}],"author":[{"embeddable":true,"href":"https:\/\/www.dokkup.app\/de\/wp-json\/wp\/v2\/users\/1"}],"replies":[{"embeddable":true,"href":"https:\/\/www.dokkup.app\/de\/wp-json\/wp\/v2\/comments?post=6197"}],"version-history":[{"count":1,"href":"https:\/\/www.dokkup.app\/de\/wp-json\/wp\/v2\/pages\/6197\/revisions"}],"predecessor-version":[{"id":8682,"href":"https:\/\/www.dokkup.app\/de\/wp-json\/wp\/v2\/pages\/6197\/revisions\/8682"}],"wp:attachment":[{"href":"https:\/\/www.dokkup.app\/de\/wp-json\/wp\/v2\/media?parent=6197"}],"curies":[{"name":"wp","href":"https:\/\/api.w.org\/{rel}","templated":true}]}}