{"id":6188,"date":"2025-06-07T11:46:39","date_gmt":"2025-06-07T11:46:39","guid":{"rendered":"https:\/\/www.dokkup.app\/politica-de-privacidad\/"},"modified":"2025-11-24T10:39:31","modified_gmt":"2025-11-24T10:39:31","slug":"politica-de-privacidad","status":"publish","type":"page","link":"https:\/\/www.dokkup.app\/es\/politica-de-privacidad\/","title":{"rendered":"Pol\u00edtica de privacidad"},"content":{"rendered":"<h2>\u00bfQui\u00e9nes somos?<\/h2>\n<p>La direcci\u00f3n de nuestro sitio web es: https:\/\/dokkup.app.<\/p>\n<h2>Cookies<\/h2>\n<p>Si visitas nuestra p\u00e1gina de inicio de sesi\u00f3n, instalaremos una cookie temporal para determinar si tu navegador acepta cookies. Esta cookie no contiene ning\u00fan dato personal y se elimina cuando cierras el navegador.<\/p>\n<p>Cuando inicias sesi\u00f3n, tambi\u00e9n instalamos varias cookies para guardar tu informaci\u00f3n de inicio de sesi\u00f3n y tus preferencias de visualizaci\u00f3n en pantalla. Las cookies de inicio de sesi\u00f3n duran dos d\u00edas, y las cookies de opciones de pantalla duran un a\u00f1o. Si seleccionas la opci\u00f3n \u00abRecordarme\u00bb, tu sesi\u00f3n se mantendr\u00e1 durante dos semanas. Si cierras la sesi\u00f3n de tu cuenta, las cookies de inicio de sesi\u00f3n se eliminar\u00e1n.<\/p>\n<p>Si modificas o publicas un art\u00edculo, se guardar\u00e1 una cookie adicional en tu navegador. Esta cookie no contiene datos personales y simplemente indica el ID del art\u00edculo que acabas de modificar. Expira al cabo de un d\u00eda.<\/p>\n<h2>Contenido integrado de otros sitios web<\/h2>\n<p>Los art\u00edculos de este sitio pueden contener contenido integrado (por ejemplo, v\u00eddeos, im\u00e1genes, art\u00edculos, etc.). El contenido integrado de otros sitios web se comporta exactamente de la misma manera que si el visitante hubiera visitado el otro sitio web.<\/p>\n<p>Estos sitios web pueden recopilar datos sobre ti, utilizar cookies, integrar un seguimiento adicional de terceros y supervisar tu interacci\u00f3n con este contenido integrado.<\/p>\n","protected":false},"excerpt":{"rendered":"<p>\u00bfQui\u00e9nes somos? La direcci\u00f3n de nuestro sitio web es: https:\/\/dokkup.app. Cookies Si visitas nuestra p\u00e1gina de inicio de sesi\u00f3n, instalaremos una cookie temporal para determinar si tu navegador acepta cookies. Esta cookie no contiene ning\u00fan dato personal y se elimina cuando cierras el navegador. Cuando inicias sesi\u00f3n, tambi\u00e9n instalamos varias cookies para guardar tu informaci\u00f3n [&hellip;]<\/p>\n","protected":false},"author":1,"featured_media":0,"parent":0,"menu_order":0,"comment_status":"closed","ping_status":"closed","template":"","meta":{"footnotes":""},"class_list":["post-6188","page","type-page","status-publish","hentry"],"_links":{"self":[{"href":"https:\/\/www.dokkup.app\/es\/wp-json\/wp\/v2\/pages\/6188","targetHints":{"allow":["GET"]}}],"collection":[{"href":"https:\/\/www.dokkup.app\/es\/wp-json\/wp\/v2\/pages"}],"about":[{"href":"https:\/\/www.dokkup.app\/es\/wp-json\/wp\/v2\/types\/page"}],"author":[{"embeddable":true,"href":"https:\/\/www.dokkup.app\/es\/wp-json\/wp\/v2\/users\/1"}],"replies":[{"embeddable":true,"href":"https:\/\/www.dokkup.app\/es\/wp-json\/wp\/v2\/comments?post=6188"}],"version-history":[{"count":1,"href":"https:\/\/www.dokkup.app\/es\/wp-json\/wp\/v2\/pages\/6188\/revisions"}],"predecessor-version":[{"id":9158,"href":"https:\/\/www.dokkup.app\/es\/wp-json\/wp\/v2\/pages\/6188\/revisions\/9158"}],"wp:attachment":[{"href":"https:\/\/www.dokkup.app\/es\/wp-json\/wp\/v2\/media?parent=6188"}],"curies":[{"name":"wp","href":"https:\/\/api.w.org\/{rel}","templated":true}]}}