{"id":6171,"date":"2025-06-09T18:16:30","date_gmt":"2025-06-09T18:16:30","guid":{"rendered":"https:\/\/www.dokkup.app\/download\/"},"modified":"2025-12-28T19:34:31","modified_gmt":"2025-12-28T19:34:31","slug":"download","status":"publish","type":"page","link":"https:\/\/www.dokkup.app\/it\/download\/","title":{"rendered":"DOWNLOAD"},"content":{"rendered":"\t\t<div data-elementor-type=\"wp-page\" data-elementor-id=\"6171\" class=\"elementor elementor-6171 elementor-4171\">\n\t\t\t\t<div class=\"elementor-element elementor-element-e8e5fe5 e-flex e-con-boxed e-con e-parent\" data-id=\"e8e5fe5\" data-element_type=\"container\">\n\t\t\t\t\t<div class=\"e-con-inner\">\n\t\t<div class=\"elementor-element elementor-element-dbe2df5 e-con-full e-flex e-con e-child\" data-id=\"dbe2df5\" data-element_type=\"container\">\n\t\t\t\t<div class=\"elementor-element elementor-element-b49d510 elementor-widget__width-initial aleft elementor-widget elementor-widget-wgl-double-heading\" data-id=\"b49d510\" data-element_type=\"widget\" data-widget_type=\"wgl-double-heading.default\">\n\t\t\t\t<div class=\"elementor-widget-container\">\n\t\t\t\t\t<div class=\"wgl-double-heading\"><div class=\"dblh__subtitle\">Al prezzo di 3 caff\u00e8 all'anno<\/div><h3 class=\"dblh__title-wrapper\"><span class=\"dblh__title dblh__title-2\"><span>I tuoi documenti.<br><\/span><\/span><span class=\"dblh__title dblh__title-3\"><span>Sempre con te.<\/span><\/span><\/h3><\/div>\t\t\t\t<\/div>\n\t\t\t\t<\/div>\n\t\t\t\t<\/div>\n\t\t\t\t\t<\/div>\n\t\t\t\t<\/div>\n\t\t<div class=\"elementor-element elementor-element-91e57a7 e-flex e-con-boxed e-con e-parent\" data-id=\"91e57a7\" data-element_type=\"container\">\n\t\t\t\t\t<div class=\"e-con-inner\">\n\t\t\t\t<div class=\"elementor-element elementor-element-32e5225 elementor-widget elementor-widget-spacer\" data-id=\"32e5225\" data-element_type=\"widget\" data-widget_type=\"spacer.default\">\n\t\t\t\t<div class=\"elementor-widget-container\">\n\t\t\t\t\t\t\t<div class=\"elementor-spacer\">\n\t\t\t<div class=\"elementor-spacer-inner\"><\/div>\n\t\t<\/div>\n\t\t\t\t\t\t<\/div>\n\t\t\t\t<\/div>\n\t\t\t\t\t<\/div>\n\t\t\t\t<\/div>\n\t\t<div class=\"elementor-element elementor-element-fce2115 e-flex e-con-boxed e-con e-parent\" data-id=\"fce2115\" data-element_type=\"container\">\n\t\t\t\t\t<div class=\"e-con-inner\">\n\t\t<div class=\"elementor-element elementor-element-e19ea45 e-con-full e-flex elementor-invisible e-con e-child\" data-id=\"e19ea45\" data-element_type=\"container\" data-settings=\"{&quot;animation&quot;:&quot;slideInUp&quot;,&quot;animation_delay&quot;:200}\">\n\t\t\t\t<div class=\"elementor-element elementor-element-76ddfc6 button-align-space-between has-icon_visibility aleft elementor-widget-icon-box wgl-icon-box icon-visibility-default elementor-widget elementor-widget-wgl-pricing-table\" data-id=\"76ddfc6\" data-element_type=\"widget\" data-widget_type=\"wgl-pricing-table.default\">\n\t\t\t\t<div class=\"elementor-widget-container\">\n\t\t\t\t\t<div class=\"wgl-pricing_plan\"><div class=\"pricing__wrapper\"><div class=\"pricing__pretitle\"><h6 class=\"pretitle\">iOS<\/h6><\/div><div class=\"pricing__title\"><h4 class=\"title\">App Store<\/h4><\/div><div class=\"pricing__header\"><div class=\"pricing__price\"><span class=\"price__currency\">CHF<\/span><span class=\"price__value\">1.\u2014<\/span><span class=\"price__period\">\/mese<\/span><\/div><\/div><div class=\"pricing__content\"><p>Fatturato annualmente - disdicibile in qualsiasi momento<\/p><ul class=\"poity_check\"><li>Disponibile in francese, inglese, spagnolo, italiano e tedesco.<\/li><li>Licenza per il tuo cellulare e un secondo dispositivo per i backup<\/li><li>Aggiornamenti inclusi nell'abbonamento<\/li><li>Nessuna pubblicit\u00e0<\/li><li>Nessuna trasmissione delle tue informazioni<\/li><\/ul><p>\u00a0<\/p><\/div><div class=\"pricing__button\"><a class=\"wgl-button  \" href=\"https:\/\/apps.apple.com\/us\/app\/dokkup\/id6752609640\" role=\"button\"><div class=\"button__content align-icon-right\"><span class=\"media-wrapper icon-wrapper\"><span class=\"wgl-icon\" ><i class=\"icon elementor-icon wglicon wglicon-forward\" aria-hidden=\"true\"><\/i><\/span><\/span><span class=\"button__text\">Si parte!<\/span><\/div><\/a><\/div><\/div><\/div>\t\t\t\t<\/div>\n\t\t\t\t<\/div>\n\t\t\t\t<\/div>\n\t\t<div class=\"elementor-element elementor-element-7ca1dfa e-con-full e-flex elementor-invisible e-con e-child\" data-id=\"7ca1dfa\" data-element_type=\"container\" data-settings=\"{&quot;animation&quot;:&quot;slideInUp&quot;,&quot;animation_delay&quot;:400}\">\n\t\t\t\t<div class=\"elementor-element elementor-element-ca091f8 button-align-space-between has-icon_visibility aleft elementor-widget-icon-box wgl-icon-box icon-visibility-default elementor-widget elementor-widget-wgl-pricing-table\" data-id=\"ca091f8\" data-element_type=\"widget\" data-widget_type=\"wgl-pricing-table.default\">\n\t\t\t\t<div class=\"elementor-widget-container\">\n\t\t\t\t\t<div class=\"wgl-pricing_plan\"><div class=\"pricing__wrapper\"><div class=\"pricing__pretitle\"><h6 class=\"pretitle\">Android<\/h6><\/div><div class=\"pricing__title\"><h4 class=\"title\">Play Store<\/h4><\/div><div class=\"pricing__header\"><div class=\"pricing__price\"><span class=\"price__currency\">CHF<\/span><span class=\"price__value\">1.\u2014<\/span><span class=\"price__period\">\/mois<\/span><\/div><\/div><div class=\"pricing__content\"><p>Fatturato annualmente - disdicibile in qualsiasi momento<\/p><ul class=\"poity_check\"><li>Disponibile in francese, inglese, spagnolo, italiano e tedesco.<\/li><li>Licenza per il tuo cellulare e un secondo dispositivo per i backup<\/li><li>Aggiornamenti inclusi nell'abbonamento<\/li><li>Nessuna pubblicit\u00e0<\/li><li>Nessuna trasmissione delle tue informazioni<\/li><\/ul><p>\u00a0<\/p><\/div><div class=\"pricing__button\"><a class=\"wgl-button  \" href=\"https:\/\/play.google.com\/store\/apps\/details?id=app.dokkup.myapp\" role=\"button\"><div class=\"button__content align-icon-right\"><span class=\"media-wrapper icon-wrapper\"><span class=\"wgl-icon\" ><i class=\"icon elementor-icon wglicon wglicon-forward\" aria-hidden=\"true\"><\/i><\/span><\/span><span class=\"button__text\">Si parte!<\/span><\/div><\/a><\/div><\/div><\/div>\t\t\t\t<\/div>\n\t\t\t\t<\/div>\n\t\t\t\t<\/div>\n\t\t\t\t\t<\/div>\n\t\t\t\t<\/div>\n\t\t<div class=\"elementor-element elementor-element-48801c3 animated-slow e-con-full e-flex elementor-invisible e-con e-parent\" data-id=\"48801c3\" data-element_type=\"container\" data-settings=\"{&quot;animation&quot;:&quot;fadeInRight&quot;,&quot;animation_delay&quot;:200}\">\n\t\t\t\t<div class=\"elementor-element elementor-element-0ea38e7 elementor-widget elementor-widget-wgl-text-path\" data-id=\"0ea38e7\" data-element_type=\"widget\" data-settings=\"{&quot;text&quot;:&quot;Niente pubblicit\\u00e0, n\\u00e9 tracciamento, n\\u00e9 sfruttamento dei tuoi dati. Niente. Mai.  &quot;,&quot;animation_speed&quot;:10000,&quot;link&quot;:{&quot;url&quot;:&quot;&quot;,&quot;is_external&quot;:&quot;&quot;,&quot;nofollow&quot;:&quot;&quot;,&quot;custom_attributes&quot;:&quot;&quot;},&quot;start_point&quot;:{&quot;unit&quot;:&quot;%&quot;,&quot;size&quot;:100,&quot;sizes&quot;:[]},&quot;start_point_tablet&quot;:{&quot;unit&quot;:&quot;px&quot;,&quot;size&quot;:&quot;&quot;,&quot;sizes&quot;:[]},&quot;start_point_mobile&quot;:{&quot;unit&quot;:&quot;px&quot;,&quot;size&quot;:&quot;&quot;,&quot;sizes&quot;:[]},&quot;end_point&quot;:{&quot;unit&quot;:&quot;%&quot;,&quot;size&quot;:-10,&quot;sizes&quot;:[]},&quot;end_point_tablet&quot;:{&quot;unit&quot;:&quot;px&quot;,&quot;size&quot;:&quot;&quot;,&quot;sizes&quot;:[]},&quot;end_point_mobile&quot;:{&quot;unit&quot;:&quot;px&quot;,&quot;size&quot;:&quot;&quot;,&quot;sizes&quot;:[]}}\" data-widget_type=\"wgl-text-path.default\">\n\t\t\t\t<div class=\"elementor-widget-container\">\n\t\t\t\t\t\t\t<div class=\"wgl-text-path loop_animation  clone_text add_divider \" data-backspace-count=\"\" data-d-type=\"arrow\" data-type-svg=\"wgl_line_simple\" data-text=\"Niente pubblicit\u00e0, n\u00e9 tracciamento, n\u00e9 sfruttamento dei tuoi dati. Niente. Mai.  \">\r\n\t\t\t<div class=\"simple_line\"><\/div>\t\t\t\t\t<\/div>\r\n\t\t\t\t\t\t<\/div>\n\t\t\t\t<\/div>\n\t\t\t\t<div class=\"elementor-element elementor-element-cfac3ba elementor-widget elementor-widget-spacer\" data-id=\"cfac3ba\" data-element_type=\"widget\" data-widget_type=\"spacer.default\">\n\t\t\t\t<div class=\"elementor-widget-container\">\n\t\t\t\t\t\t\t<div class=\"elementor-spacer\">\n\t\t\t<div class=\"elementor-spacer-inner\"><\/div>\n\t\t<\/div>\n\t\t\t\t\t\t<\/div>\n\t\t\t\t<\/div>\n\t\t\t\t<\/div>\n\t\t<div class=\"elementor-element elementor-element-61a6c7f e-con-full e-flex elementor-invisible e-con e-child\" data-id=\"61a6c7f\" data-element_type=\"container\" data-settings=\"{&quot;background_background&quot;:&quot;classic&quot;,&quot;animation&quot;:&quot;fadeInUp&quot;,&quot;animation_delay&quot;:200}\">\n\t\t<div class=\"elementor-element elementor-element-d827719 e-con-full e-flex e-con e-child\" data-id=\"d827719\" data-element_type=\"container\">\n\t\t\t\t<div class=\"elementor-element elementor-element-895c93c wgl-view-default aleft elementor-widget-icon-box wgl-icon-box elementor-widget elementor-widget-wgl-info-box\" data-id=\"895c93c\" data-element_type=\"widget\" data-widget_type=\"wgl-info-box.default\">\n\t\t\t\t<div class=\"elementor-widget-container\">\n\t\t\t\t\t<div class=\"wgl-infobox_bg_wrapper\"><\/div><div class=\"wgl-infobox\"><div class=\"wgl-infobox_wrapper wgl-layout-left\"><span class=\"media-wrapper icon-wrapper\"><span class=\"wgl-icon\" ><i class=\"icon elementor-icon wglicon wglicon-question\" aria-hidden=\"true\"><\/i><\/span><\/span><div class=\"content_wrapper\"><div class=\"wgl-infobox-title_wrapper\"><h3 class=\"wgl-infobox_title\"><span class=\"wgl-infobox_title-idle\"><span class=\"elementor-repeater-item-45d4b65\">Hai ancora delle<\/span><span class=\"elementor-repeater-item-6ffcbf5\">  domande  <\/span><span class=\"elementor-repeater-item-3c19be6\">  sui  <\/span><span class=\"elementor-repeater-item-7571978\">vantaggi  <\/span><span class=\"elementor-repeater-item-f3518f7\">e le  <\/span><span class=\"elementor-repeater-item-5521b1a\">funzionalit\u00e0  <\/span><span class=\"elementor-repeater-item-15ee666\">di dokkup?<\/span><\/span><\/h3><\/div><\/div><\/div><\/div>\t\t\t\t<\/div>\n\t\t\t\t<\/div>\n\t\t\t\t<div class=\"elementor-element elementor-element-f8a5eb1 acenter has-icon_visibility elementor-widget-icon-box wgl-icon-box icon-visibility-default elementor-widget elementor-widget-wgl-button\" data-id=\"f8a5eb1\" data-element_type=\"widget\" data-widget_type=\"wgl-button.default\">\n\t\t\t\t<div class=\"elementor-widget-container\">\n\t\t\t\t\t<a class=\"wgl-button btn-size-xl \" href=\"https:\/\/www.dokkup.app\/it\/faq-e-tutorial\/\" role=\"button\"><div class=\"button__content align-icon-right\"><span class=\"media-wrapper icon-wrapper\"><span class=\"wgl-icon\" ><i class=\"icon elementor-icon wglicon wglicon-forward\" aria-hidden=\"true\"><\/i><\/span><\/span><span class=\"button__text\">Consulta le nostre FAQ e i nostri tutorial!<\/span><\/div><\/a>\t\t\t\t<\/div>\n\t\t\t\t<\/div>\n\t\t\t\t<\/div>\n\t\t\t\t<\/div>\n\t\t<div class=\"elementor-element elementor-element-be24b6c e-con-full elementor-hidden-mobile e-flex e-con e-parent\" data-id=\"be24b6c\" data-element_type=\"container\" data-settings=\"{&quot;background_background&quot;:&quot;classic&quot;}\">\n\t\t\t\t<div class=\"elementor-element elementor-element-2942412 elementor-widget elementor-widget-wgl-button-physics\" data-id=\"2942412\" data-element_type=\"widget\" data-settings=\"{&quot;matter_radius&quot;:{&quot;unit&quot;:&quot;px&quot;,&quot;size&quot;:0,&quot;sizes&quot;:[]},&quot;items_width_tablet&quot;:{&quot;unit&quot;:&quot;px&quot;,&quot;size&quot;:130,&quot;sizes&quot;:[]},&quot;matter_radius_tablet&quot;:{&quot;unit&quot;:&quot;px&quot;,&quot;size&quot;:&quot;&quot;,&quot;sizes&quot;:[]},&quot;matter_radius_mobile&quot;:{&quot;unit&quot;:&quot;px&quot;,&quot;size&quot;:&quot;&quot;,&quot;sizes&quot;:[]},&quot;items_width&quot;:{&quot;unit&quot;:&quot;px&quot;,&quot;size&quot;:170,&quot;sizes&quot;:[]},&quot;items_width_mobile&quot;:{&quot;unit&quot;:&quot;px&quot;,&quot;size&quot;:&quot;&quot;,&quot;sizes&quot;:[]},&quot;items_gap&quot;:{&quot;unit&quot;:&quot;px&quot;,&quot;size&quot;:&quot;&quot;,&quot;sizes&quot;:[]},&quot;items_gap_tablet&quot;:{&quot;unit&quot;:&quot;px&quot;,&quot;size&quot;:&quot;&quot;,&quot;sizes&quot;:[]},&quot;items_gap_mobile&quot;:{&quot;unit&quot;:&quot;px&quot;,&quot;size&quot;:&quot;&quot;,&quot;sizes&quot;:[]}}\" data-widget_type=\"wgl-button-physics.default\">\n\t\t\t\t<div class=\"elementor-widget-container\">\n\t\t\t\t\t<div class=\"wgl-button_physics\"><div class=\"wgl-physics_matter\"><div class=\"wgl-physics_canvas\"><\/div><div class=\"wgl-physics_elements\" data-increase-active=\"\" data-delay=\"0.45\" data-restitution=\"0.5\" data-friction=\"0\" data-density=\"0.01\"><div class=\"wgl-physics_item elementor-repeater-item-47f5eb9 hide_mobile\" data-item-id=\"47f5eb9\" data-resolution=\"767\"><div class=\"wgl-physics_item__inner\"><span class=\"wgl-button_physics_title\">Dati <br>personali<\/span><\/div><\/div><div class=\"wgl-physics_item elementor-repeater-item-eedbdba hide_mobile\" data-item-id=\"eedbdba\" data-resolution=\"767\"><div class=\"wgl-physics_item__inner\"><span class=\"wgl-button_physics_title\">Piccolo <br>cuore  <\/span><\/div><\/div><div class=\"wgl-physics_item elementor-repeater-item-035f85a hide_mobile\" data-item-id=\"035f85a\" data-resolution=\"767\"><div class=\"wgl-physics_item__inner\"><span class=\"wgl-button_physics_title\">Lavoro<\/span><\/div><\/div><div class=\"wgl-physics_item elementor-repeater-item-b46a779 hide_mobile\" data-item-id=\"b46a779\" data-resolution=\"767\"><div class=\"wgl-physics_item__inner\"><span class=\"wgl-button_physics_title\">Imposte<\/span><\/div><\/div><div class=\"wgl-physics_item elementor-repeater-item-7178ed6 hide_mobile\" data-item-id=\"7178ed6\" data-resolution=\"767\"><div class=\"wgl-physics_item__inner\"><span class=\"wgl-button_physics_title\">Salute<\/span><\/div><\/div><div class=\"wgl-physics_item elementor-repeater-item-cb2cfed hide_mobile\" data-item-id=\"cb2cfed\" data-resolution=\"767\"><div class=\"wgl-physics_item__inner\"><span class=\"wgl-button_physics_title\">Stato civile<\/span><\/div><\/div><div class=\"wgl-physics_item elementor-repeater-item-875caee hide_mobile\" data-item-id=\"875caee\" data-resolution=\"767\"><div class=\"wgl-physics_item__inner\"><span class=\"wgl-button_physics_title\">Salute<\/span><\/div><\/div><div class=\"wgl-physics_item elementor-repeater-item-ae99ffa hide_mobile\" data-item-id=\"ae99ffa\" data-resolution=\"767\"><div class=\"wgl-physics_item__inner\"><span class=\"wgl-button_physics_title\">Salute<\/span><\/div><\/div><div class=\"wgl-physics_item elementor-repeater-item-44eeaab hide_mobile\" data-item-id=\"44eeaab\" data-resolution=\"767\"><div class=\"wgl-physics_item__inner\"><span class=\"wgl-button_physics_title\">Formazione<\/span><\/div><\/div><div class=\"wgl-physics_item elementor-repeater-item-0e5633f hide_mobile\" data-item-id=\"0e5633f\" data-resolution=\"767\"><div class=\"wgl-physics_item__inner\"><span class=\"wgl-button_physics_title\">Legale<\/span><\/div><\/div><div class=\"wgl-physics_item elementor-repeater-item-1dce44a hide_mobile\" data-item-id=\"1dce44a\" data-resolution=\"767\"><div class=\"wgl-physics_item__inner\"><span class=\"wgl-button_physics_title\">Imposte<\/span><\/div><\/div><div class=\"wgl-physics_item elementor-repeater-item-150c1e0 hide_mobile\" data-item-id=\"150c1e0\" data-resolution=\"767\"><div class=\"wgl-physics_item__inner\"><span class=\"wgl-button_physics_title\">Genitori<\/span><\/div><\/div><div class=\"wgl-physics_item elementor-repeater-item-6efcf4c hide_mobile\" data-item-id=\"6efcf4c\" data-resolution=\"767\"><div class=\"wgl-physics_item__inner\"><span class=\"wgl-button_physics_title\">Mondo personale<\/span><\/div><\/div><div class=\"wgl-physics_item elementor-repeater-item-bbf40b8 hide_mobile\" data-item-id=\"bbf40b8\" data-resolution=\"767\"><div class=\"wgl-physics_item__inner\"><span class=\"wgl-button_physics_title\">Formazione<\/span><\/div><\/div><div class=\"wgl-physics_item elementor-repeater-item-12a45b8 hide_mobile\" data-item-id=\"12a45b8\" data-resolution=\"767\"><div class=\"wgl-physics_item__inner\"><span class=\"wgl-button_physics_title\">Imposte<\/span><\/div><\/div><\/div><div class=\"wgl-physics_title__wrapper\">\t\t<div data-elementor-type=\"container\" data-elementor-id=\"6270\" class=\"elementor elementor-6270 elementor-4271\">\n\t\t\t\t<div class=\"elementor-element elementor-element-7012ae08 e-con-full e-flex e-con e-parent\" data-id=\"7012ae08\" data-element_type=\"container\" data-settings=\"{&quot;background_background&quot;:&quot;classic&quot;}\">\n\t\t\t\t<div class=\"elementor-element elementor-element-747a72c1 elementor-widget elementor-widget-wgl-button-physics\" data-id=\"747a72c1\" data-element_type=\"widget\" data-settings=\"{&quot;matter_radius&quot;:{&quot;unit&quot;:&quot;px&quot;,&quot;size&quot;:0,&quot;sizes&quot;:[]},&quot;items_width_tablet&quot;:{&quot;unit&quot;:&quot;px&quot;,&quot;size&quot;:130,&quot;sizes&quot;:[]},&quot;matter_radius_tablet&quot;:{&quot;unit&quot;:&quot;px&quot;,&quot;size&quot;:&quot;&quot;,&quot;sizes&quot;:[]},&quot;matter_radius_mobile&quot;:{&quot;unit&quot;:&quot;px&quot;,&quot;size&quot;:&quot;&quot;,&quot;sizes&quot;:[]},&quot;items_width&quot;:{&quot;unit&quot;:&quot;px&quot;,&quot;size&quot;:170,&quot;sizes&quot;:[]},&quot;items_width_mobile&quot;:{&quot;unit&quot;:&quot;px&quot;,&quot;size&quot;:&quot;&quot;,&quot;sizes&quot;:[]},&quot;items_gap&quot;:{&quot;unit&quot;:&quot;px&quot;,&quot;size&quot;:&quot;&quot;,&quot;sizes&quot;:[]},&quot;items_gap_tablet&quot;:{&quot;unit&quot;:&quot;px&quot;,&quot;size&quot;:&quot;&quot;,&quot;sizes&quot;:[]},&quot;items_gap_mobile&quot;:{&quot;unit&quot;:&quot;px&quot;,&quot;size&quot;:&quot;&quot;,&quot;sizes&quot;:[]}}\" data-widget_type=\"wgl-button-physics.default\">\n\t\t\t\t<div class=\"elementor-widget-container\">\n\t\t\t\t\t<div class=\"wgl-button_physics\"><div class=\"wgl-physics_matter\"><div class=\"wgl-physics_canvas\"><\/div><div class=\"wgl-physics_elements\" data-increase-active=\"\" data-delay=\"0.45\" data-restitution=\"0.5\" data-friction=\"0\" data-density=\"0.01\"><div class=\"wgl-physics_item elementor-repeater-item-47f5eb9 hide_mobile\" data-item-id=\"47f5eb9\" data-resolution=\"767\"><div class=\"wgl-physics_item__inner\"><span class=\"wgl-button_physics_title\">Dati <br>personali<\/span><\/div><\/div><div class=\"wgl-physics_item elementor-repeater-item-eedbdba hide_mobile\" data-item-id=\"eedbdba\" data-resolution=\"767\"><div class=\"wgl-physics_item__inner\"><span class=\"wgl-button_physics_title\">Piccolo <br>cuore  <\/span><\/div><\/div><div class=\"wgl-physics_item elementor-repeater-item-035f85a hide_mobile\" data-item-id=\"035f85a\" data-resolution=\"767\"><div class=\"wgl-physics_item__inner\"><span class=\"wgl-button_physics_title\">Lavoro<\/span><\/div><\/div><div class=\"wgl-physics_item elementor-repeater-item-b46a779 hide_mobile\" data-item-id=\"b46a779\" data-resolution=\"767\"><div class=\"wgl-physics_item__inner\"><span class=\"wgl-button_physics_title\">Imposte<\/span><\/div><\/div><div class=\"wgl-physics_item elementor-repeater-item-7178ed6 hide_mobile\" data-item-id=\"7178ed6\" data-resolution=\"767\"><div class=\"wgl-physics_item__inner\"><span class=\"wgl-button_physics_title\">Salute<\/span><\/div><\/div><div class=\"wgl-physics_item elementor-repeater-item-cb2cfed hide_mobile\" data-item-id=\"cb2cfed\" data-resolution=\"767\"><div class=\"wgl-physics_item__inner\"><span class=\"wgl-button_physics_title\">Stato civile<\/span><\/div><\/div><div class=\"wgl-physics_item elementor-repeater-item-875caee hide_mobile\" data-item-id=\"875caee\" data-resolution=\"767\"><div class=\"wgl-physics_item__inner\"><span class=\"wgl-button_physics_title\">Salute<\/span><\/div><\/div><div class=\"wgl-physics_item elementor-repeater-item-ae99ffa hide_mobile\" data-item-id=\"ae99ffa\" data-resolution=\"767\"><div class=\"wgl-physics_item__inner\"><span class=\"wgl-button_physics_title\">Salute<\/span><\/div><\/div><div class=\"wgl-physics_item elementor-repeater-item-44eeaab hide_mobile\" data-item-id=\"44eeaab\" data-resolution=\"767\"><div class=\"wgl-physics_item__inner\"><span class=\"wgl-button_physics_title\">Formazione<\/span><\/div><\/div><div class=\"wgl-physics_item elementor-repeater-item-0e5633f hide_mobile\" data-item-id=\"0e5633f\" data-resolution=\"767\"><div class=\"wgl-physics_item__inner\"><span class=\"wgl-button_physics_title\">Legale<\/span><\/div><\/div><div class=\"wgl-physics_item elementor-repeater-item-1dce44a hide_mobile\" data-item-id=\"1dce44a\" data-resolution=\"767\"><div class=\"wgl-physics_item__inner\"><span class=\"wgl-button_physics_title\">Imposte<\/span><\/div><\/div><div class=\"wgl-physics_item elementor-repeater-item-150c1e0 hide_mobile\" data-item-id=\"150c1e0\" data-resolution=\"767\"><div class=\"wgl-physics_item__inner\"><span class=\"wgl-button_physics_title\">Genitori<\/span><\/div><\/div><div class=\"wgl-physics_item elementor-repeater-item-6efcf4c hide_mobile\" data-item-id=\"6efcf4c\" data-resolution=\"767\"><div class=\"wgl-physics_item__inner\"><span class=\"wgl-button_physics_title\">Mondo personale<\/span><\/div><\/div><div class=\"wgl-physics_item elementor-repeater-item-bbf40b8 hide_mobile\" data-item-id=\"bbf40b8\" data-resolution=\"767\"><div class=\"wgl-physics_item__inner\"><span class=\"wgl-button_physics_title\">Formazione<\/span><\/div><\/div><div class=\"wgl-physics_item elementor-repeater-item-12a45b8 hide_mobile\" data-item-id=\"12a45b8\" data-resolution=\"767\"><div class=\"wgl-physics_item__inner\"><span class=\"wgl-button_physics_title\">Imposte<\/span><\/div><\/div><\/div><div class=\"wgl-physics_title__wrapper\">\t\t<div data-elementor-type=\"container\" data-elementor-id=\"1511\" class=\"elementor elementor-1511\">\n\t\t\t\t<div class=\"elementor-element elementor-element-fb47c50 e-flex e-con-boxed e-con e-parent\" data-id=\"fb47c50\" data-element_type=\"container\">\n\t\t\t\t\t<div class=\"e-con-inner\">\n\t\t\t\t<div class=\"elementor-element elementor-element-5cfeb3e acenter elementor-invisible elementor-widget elementor-widget-wgl-double-heading\" data-id=\"5cfeb3e\" data-element_type=\"widget\" data-settings=\"{&quot;_animation&quot;:&quot;fadeInUp&quot;}\" data-widget_type=\"wgl-double-heading.default\">\n\t\t\t\t<div class=\"elementor-widget-container\">\n\t\t\t\t\t<div class=\"wgl-double-heading\"><div class=\"dblh__subtitle\">Avec Dokkup, tu g\u00e8res et organises tes fichiers de mani\u00e8re <\/div><h3 class=\"dblh__title-wrapper\"><span class=\"dblh__title dblh__title-1\"><span> personnelle et confidentielle!<\/span><\/span><\/h3><\/div>\t\t\t\t<\/div>\n\t\t\t\t<\/div>\n\t\t\t\t\t<\/div>\n\t\t\t\t<\/div>\n\t\t\t\t<\/div>\n\t\t<\/div><\/div><\/div>\t\t\t\t<\/div>\n\t\t\t\t<\/div>\n\t\t\t\t<\/div>\n\t\t\t\t<\/div>\n\t\t<\/div><\/div><\/div>\t\t\t\t<\/div>\n\t\t\t\t<\/div>\n\t\t\t\t<\/div>\n\t\t\t\t<\/div>\n\t\t","protected":false},"excerpt":{"rendered":"<p>Al prezzo di 3 caff\u00e8 all&#8217;anno I tuoi documenti.Sempre con te. iOS App Store CHF1.\u2014\/mese Fatturato annualmente &#8211; disdicibile in qualsiasi momento Disponibile in francese, inglese, spagnolo, italiano e tedesco. Licenza per il tuo cellulare e un secondo dispositivo per i backup Aggiornamenti inclusi nell&#8217;abbonamento Nessuna pubblicit\u00e0 Nessuna trasmissione delle tue informazioni \u00a0 Si parte! [&hellip;]<\/p>\n","protected":false},"author":1,"featured_media":0,"parent":0,"menu_order":0,"comment_status":"closed","ping_status":"closed","template":"","meta":{"footnotes":""},"class_list":["post-6171","page","type-page","status-publish","hentry"],"_links":{"self":[{"href":"https:\/\/www.dokkup.app\/it\/wp-json\/wp\/v2\/pages\/6171","targetHints":{"allow":["GET"]}}],"collection":[{"href":"https:\/\/www.dokkup.app\/it\/wp-json\/wp\/v2\/pages"}],"about":[{"href":"https:\/\/www.dokkup.app\/it\/wp-json\/wp\/v2\/types\/page"}],"author":[{"embeddable":true,"href":"https:\/\/www.dokkup.app\/it\/wp-json\/wp\/v2\/users\/1"}],"replies":[{"embeddable":true,"href":"https:\/\/www.dokkup.app\/it\/wp-json\/wp\/v2\/comments?post=6171"}],"version-history":[{"count":12,"href":"https:\/\/www.dokkup.app\/it\/wp-json\/wp\/v2\/pages\/6171\/revisions"}],"predecessor-version":[{"id":16084,"href":"https:\/\/www.dokkup.app\/it\/wp-json\/wp\/v2\/pages\/6171\/revisions\/16084"}],"wp:attachment":[{"href":"https:\/\/www.dokkup.app\/it\/wp-json\/wp\/v2\/media?parent=6171"}],"curies":[{"name":"wp","href":"https:\/\/api.w.org\/{rel}","templated":true}]}}